{"id":500,"date":"2025-02-16T21:27:39","date_gmt":"2025-02-16T21:27:39","guid":{"rendered":"https:\/\/renacerandino.cl\/?page_id=500"},"modified":"2025-02-17T01:30:08","modified_gmt":"2025-02-17T01:30:08","slug":"produccion-musical","status":"publish","type":"page","link":"https:\/\/renacerandino.cl\/?page_id=500","title":{"rendered":"Producci\u00f3n musical"},"content":{"rendered":"\t\t<div data-elementor-type=\"wp-page\" data-elementor-id=\"500\" class=\"elementor elementor-500\">\n\t\t\t\t<div class=\"elementor-element elementor-element-1b2546e e-flex e-con-boxed e-con e-parent\" data-id=\"1b2546e\" data-element_type=\"container\" data-settings=\"{&quot;background_background&quot;:&quot;slideshow&quot;,&quot;background_slideshow_gallery&quot;:[{&quot;id&quot;:209,&quot;url&quot;:&quot;https:\\\/\\\/renacerandino.cl\\\/wp-content\\\/uploads\\\/2025\\\/02\\\/costa-antofagasta-portada.webp&quot;},{&quot;id&quot;:208,&quot;url&quot;:&quot;https:\\\/\\\/renacerandino.cl\\\/wp-content\\\/uploads\\\/2025\\\/02\\\/costa-antofagasta.webp&quot;},{&quot;id&quot;:207,&quot;url&quot;:&quot;https:\\\/\\\/renacerandino.cl\\\/wp-content\\\/uploads\\\/2025\\\/02\\\/cerro-antofagasta.webp&quot;},{&quot;id&quot;:206,&quot;url&quot;:&quot;https:\\\/\\\/renacerandino.cl\\\/wp-content\\\/uploads\\\/2025\\\/02\\\/ruinas-de-huanchaca.webp&quot;},{&quot;id&quot;:205,&quot;url&quot;:&quot;https:\\\/\\\/renacerandino.cl\\\/wp-content\\\/uploads\\\/2025\\\/02\\\/ancla-1.webp&quot;},{&quot;id&quot;:210,&quot;url&quot;:&quot;https:\\\/\\\/renacerandino.cl\\\/wp-content\\\/uploads\\\/2025\\\/02\\\/teatro-pedro-de-valdivia.webp&quot;},{&quot;id&quot;:211,&quot;url&quot;:&quot;https:\\\/\\\/renacerandino.cl\\\/wp-content\\\/uploads\\\/2025\\\/02\\\/antofagasta-entre-los-cerros.webp&quot;},{&quot;id&quot;:212,&quot;url&quot;:&quot;https:\\\/\\\/renacerandino.cl\\\/wp-content\\\/uploads\\\/2025\\\/02\\\/la-portada.webp&quot;},{&quot;id&quot;:13,&quot;url&quot;:&quot;https:\\\/\\\/renacerandino.cl\\\/wp-content\\\/uploads\\\/2025\\\/01\\\/slider_salar-1-750x510-1.jpg&quot;},{&quot;id&quot;:36,&quot;url&quot;:&quot;https:\\\/\\\/renacerandino.cl\\\/wp-content\\\/uploads\\\/2025\\\/01\\\/slider_desierto-1-1536x688-1.jpg&quot;},{&quot;id&quot;:172,&quot;url&quot;:&quot;https:\\\/\\\/renacerandino.cl\\\/wp-content\\\/uploads\\\/2025\\\/02\\\/DESIERTO-PAGINA-1.jpg&quot;},{&quot;id&quot;:173,&quot;url&quot;:&quot;https:\\\/\\\/renacerandino.cl\\\/wp-content\\\/uploads\\\/2025\\\/02\\\/DESIERTO-PAGINA-3.jpg&quot;}],&quot;background_slideshow_loop&quot;:&quot;yes&quot;,&quot;background_slideshow_slide_duration&quot;:5000,&quot;background_slideshow_slide_transition&quot;:&quot;fade&quot;,&quot;background_slideshow_transition_duration&quot;:500}\">\n\t\t\t\t\t<div class=\"e-con-inner\">\n\t\t\t\t<div class=\"elementor-element elementor-element-44904ad6 elementor-widget elementor-widget-heading\" data-id=\"44904ad6\" data-element_type=\"widget\" data-widget_type=\"heading.default\">\n\t\t\t\t<div class=\"elementor-widget-container\">\n\t\t\t\t\t<h2 class=\"elementor-heading-title elementor-size-default\">PRODUCCION MUSICAL<\/h2>\t\t\t\t<\/div>\n\t\t\t\t<\/div>\n\t\t\t\t\t<\/div>\n\t\t\t\t<\/div>\n\t\t<div class=\"elementor-element elementor-element-6fba19c8 e-flex e-con-boxed e-con e-parent\" data-id=\"6fba19c8\" data-element_type=\"container\">\n\t\t\t\t\t<div class=\"e-con-inner\">\n\t\t\t\t\t<\/div>\n\t\t\t\t<\/div>\n\t\t<div class=\"elementor-element elementor-element-cd2edab e-flex e-con-boxed e-con e-parent\" data-id=\"cd2edab\" data-element_type=\"container\">\n\t\t\t\t\t<div class=\"e-con-inner\">\n\t\t\t\t<div class=\"elementor-element elementor-element-7512f56 elementor-widget elementor-widget-text-editor\" data-id=\"7512f56\" data-element_type=\"widget\" data-widget_type=\"text-editor.default\">\n\t\t\t\t<div class=\"elementor-widget-container\">\n\t\t\t\t\t\t\t\t\t<p><strong>A lo largo de nuestro caminar hemos podido hacer varias producciones musicales. Grabar, mezclar, masterizar. P<\/strong><strong>roducci\u00f3n de m\u00fasica original, Postproducci\u00f3n de audio para piezas audiovisuales, dise\u00f1o de sonido. Nuestra experiencia destaca por\u00a0 eficiencia, la que nos ha permitido posicionarnos como una productora de audio dentro de la industria publicitaria en Chile. Trabajos en\u00a0 pa\u00edses como M\u00e9xico, Cuba, Rusia, Argentina, Per\u00fa avalan nuestros resultados.<\/strong><\/p><p><strong>Aqu\u00ed alguno de nuestros trabajos..<\/strong><\/p>\t\t\t\t\t\t\t\t<\/div>\n\t\t\t\t<\/div>\n\t\t\t\t\t<\/div>\n\t\t\t\t<\/div>\n\t\t<div class=\"elementor-element elementor-element-2b9d823 e-flex e-con-boxed e-con e-parent\" data-id=\"2b9d823\" data-element_type=\"container\">\n\t\t\t\t\t<div class=\"e-con-inner\">\n\t\t<div class=\"elementor-element elementor-element-3afe578 e-con-full e-flex e-con e-child\" data-id=\"3afe578\" data-element_type=\"container\">\n\t\t\t\t<div class=\"elementor-element elementor-element-cfdcf4c elementor-widget elementor-widget-video\" data-id=\"cfdcf4c\" data-element_type=\"widget\" data-settings=\"{&quot;youtube_url&quot;:&quot;https:\\\/\\\/www.youtube.com\\\/watch?v=8wk_8nMD1xw&amp;list=OLAK5uy_l7xFMVuv4x-P1cmajWmmdokvjG07MBhgU&quot;,&quot;video_type&quot;:&quot;youtube&quot;,&quot;controls&quot;:&quot;yes&quot;}\" data-widget_type=\"video.default\">\n\t\t\t\t<div class=\"elementor-widget-container\">\n\t\t\t\t\t\t\t<div class=\"elementor-wrapper elementor-open-inline\">\n\t\t\t<div class=\"elementor-video\"><\/div>\t\t<\/div>\n\t\t\t\t\t\t<\/div>\n\t\t\t\t<\/div>\n\t\t\t\t<div class=\"elementor-element elementor-element-5adc5e0 elementor-widget elementor-widget-text-editor\" data-id=\"5adc5e0\" data-element_type=\"widget\" data-widget_type=\"text-editor.default\">\n\t\t\t\t<div class=\"elementor-widget-container\">\n\t\t\t\t\t\t\t\t\t<h6 dir=\"ltr\"><strong>2022<\/strong><\/h6><h6 dir=\"ltr\"><strong>MASTERIZACION DEL ALBUM\u00a0CANCIONES DE PARIS Y OTRAS YERBAS OSVALDO\u00a0 TORRES\u00a0SELLO ALERCE<\/strong><\/h6>\t\t\t\t\t\t\t\t<\/div>\n\t\t\t\t<\/div>\n\t\t\t\t<\/div>\n\t\t<div class=\"elementor-element elementor-element-2cecd6e e-con-full e-flex e-con e-child\" data-id=\"2cecd6e\" data-element_type=\"container\">\n\t\t\t\t<div class=\"elementor-element elementor-element-1a3d9a3 elementor-widget elementor-widget-video\" data-id=\"1a3d9a3\" data-element_type=\"widget\" data-settings=\"{&quot;youtube_url&quot;:&quot;https:\\\/\\\/www.youtube.com\\\/watch?v=HZmuuCAGV_w&amp;list=OLAK5uy_n3DCkcIa94lzdNzqhE4ifjvqEoqI2DB9o&quot;,&quot;video_type&quot;:&quot;youtube&quot;,&quot;controls&quot;:&quot;yes&quot;}\" data-widget_type=\"video.default\">\n\t\t\t\t<div class=\"elementor-widget-container\">\n\t\t\t\t\t\t\t<div class=\"elementor-wrapper elementor-open-inline\">\n\t\t\t<div class=\"elementor-video\"><\/div>\t\t<\/div>\n\t\t\t\t\t\t<\/div>\n\t\t\t\t<\/div>\n\t\t\t\t<div class=\"elementor-element elementor-element-8a454f1 elementor-widget elementor-widget-text-editor\" data-id=\"8a454f1\" data-element_type=\"widget\" data-widget_type=\"text-editor.default\">\n\t\t\t\t<div class=\"elementor-widget-container\">\n\t\t\t\t\t\t\t\t\t<h6 dir=\"ltr\"><strong>2022<\/strong><\/h6><h6 dir=\"ltr\"><strong>MASTERIZACION DEL ALBUM\u00a0\u00a0DE LIBERTAD Y AMOR CANTO DE LA RESISTENCIA \u00a0OSVALDO\u00a0 TORRES\u00a0SELLO ALERCE<\/strong><\/h6>\t\t\t\t\t\t\t\t<\/div>\n\t\t\t\t<\/div>\n\t\t\t\t<\/div>\n\t\t\t\t\t<\/div>\n\t\t\t\t<\/div>\n\t\t<div class=\"elementor-element elementor-element-5446978 e-flex e-con-boxed e-con e-parent\" data-id=\"5446978\" data-element_type=\"container\">\n\t\t\t\t\t<div class=\"e-con-inner\">\n\t\t<div class=\"elementor-element elementor-element-9d9af28 e-con-full e-flex e-con e-child\" data-id=\"9d9af28\" data-element_type=\"container\">\n\t\t\t\t<div class=\"elementor-element elementor-element-c3ffda1 elementor-widget elementor-widget-video\" data-id=\"c3ffda1\" data-element_type=\"widget\" data-settings=\"{&quot;youtube_url&quot;:&quot;https:\\\/\\\/www.youtube.com\\\/watch?v=Ht89CJL6lkQ&amp;list=OLAK5uy_kaEiEgaSEWR7zsz1poUE-yXHYj9gNJJVQ&quot;,&quot;video_type&quot;:&quot;youtube&quot;,&quot;controls&quot;:&quot;yes&quot;}\" data-widget_type=\"video.default\">\n\t\t\t\t<div class=\"elementor-widget-container\">\n\t\t\t\t\t\t\t<div class=\"elementor-wrapper elementor-open-inline\">\n\t\t\t<div class=\"elementor-video\"><\/div>\t\t<\/div>\n\t\t\t\t\t\t<\/div>\n\t\t\t\t<\/div>\n\t\t\t\t<div class=\"elementor-element elementor-element-9633231 elementor-widget elementor-widget-text-editor\" data-id=\"9633231\" data-element_type=\"widget\" data-widget_type=\"text-editor.default\">\n\t\t\t\t<div class=\"elementor-widget-container\">\n\t\t\t\t\t\t\t\t\t<h5 dir=\"ltr\"><strong>2022<\/strong><\/h5><h5 dir=\"ltr\"><strong>MASTERIZACION DEL ALBUM\u00a0\u00a0DOBLE NORTE POETICO OSVALDO\u00a0 TORRES SELLO ALERCE<\/strong><\/h5>\t\t\t\t\t\t\t\t<\/div>\n\t\t\t\t<\/div>\n\t\t\t\t<\/div>\n\t\t<div class=\"elementor-element elementor-element-1fe2e1a e-con-full e-flex e-con e-child\" data-id=\"1fe2e1a\" data-element_type=\"container\">\n\t\t\t\t<div class=\"elementor-element elementor-element-4ae4db6 elementor-widget elementor-widget-video\" data-id=\"4ae4db6\" data-element_type=\"widget\" data-settings=\"{&quot;youtube_url&quot;:&quot;https:\\\/\\\/www.youtube.com\\\/watch?v=kxrr-nEiu9w&quot;,&quot;video_type&quot;:&quot;youtube&quot;,&quot;controls&quot;:&quot;yes&quot;}\" data-widget_type=\"video.default\">\n\t\t\t\t<div class=\"elementor-widget-container\">\n\t\t\t\t\t\t\t<div class=\"elementor-wrapper elementor-open-inline\">\n\t\t\t<div class=\"elementor-video\"><\/div>\t\t<\/div>\n\t\t\t\t\t\t<\/div>\n\t\t\t\t<\/div>\n\t\t\t\t<div class=\"elementor-element elementor-element-1bb9a3f elementor-widget elementor-widget-text-editor\" data-id=\"1bb9a3f\" data-element_type=\"widget\" data-widget_type=\"text-editor.default\">\n\t\t\t\t<div class=\"elementor-widget-container\">\n\t\t\t\t\t\t\t\t\t<h5 dir=\"ltr\"><strong>2019<\/strong><\/h5><h5 dir=\"ltr\"><strong>GRABACION MEZCLA MASTERIZACION ALBUM RESCATE Y TRADICIONES ATACAME\u00d1AS PAT TA HOIRI<\/strong><\/h5>\t\t\t\t\t\t\t\t<\/div>\n\t\t\t\t<\/div>\n\t\t\t\t<\/div>\n\t\t\t\t\t<\/div>\n\t\t\t\t<\/div>\n\t\t<div class=\"elementor-element elementor-element-43cb0b7f e-flex e-con-boxed e-con e-parent\" data-id=\"43cb0b7f\" data-element_type=\"container\">\n\t\t\t\t\t<div class=\"e-con-inner\">\n\t\t\t\t<div class=\"elementor-element elementor-element-55a245b1 elementor-shape-rounded elementor-grid-0 e-grid-align-center elementor-widget elementor-widget-social-icons\" data-id=\"55a245b1\" data-element_type=\"widget\" data-widget_type=\"social-icons.default\">\n\t\t\t\t<div class=\"elementor-widget-container\">\n\t\t\t\t\t\t\t<div class=\"elementor-social-icons-wrapper elementor-grid\">\n\t\t\t\t\t\t\t<span class=\"elementor-grid-item\">\n\t\t\t\t\t<a class=\"elementor-icon elementor-social-icon elementor-social-icon-facebook elementor-repeater-item-d6ab002\" href=\"https:\/\/www.facebook.com\/renacerandinochile\/\" target=\"_blank\">\n\t\t\t\t\t\t<span class=\"elementor-screen-only\">Facebook<\/span>\n\t\t\t\t\t\t<svg class=\"e-font-icon-svg e-fab-facebook\" viewBox=\"0 0 512 512\" xmlns=\"http:\/\/www.w3.org\/2000\/svg\"><path d=\"M504 256C504 119 393 8 256 8S8 119 8 256c0 123.78 90.69 226.38 209.25 245V327.69h-63V256h63v-54.64c0-62.15 37-96.48 93.67-96.48 27.14 0 55.52 4.84 55.52 4.84v61h-31.28c-30.8 0-40.41 19.12-40.41 38.73V256h68.78l-11 71.69h-57.78V501C413.31 482.38 504 379.78 504 256z\"><\/path><\/svg>\t\t\t\t\t<\/a>\n\t\t\t\t<\/span>\n\t\t\t\t\t\t\t<span class=\"elementor-grid-item\">\n\t\t\t\t\t<a class=\"elementor-icon elementor-social-icon elementor-social-icon-youtube elementor-repeater-item-cd81b1d\" href=\"http:\/\/www.youtube.com\/@renacerandino\" target=\"_blank\">\n\t\t\t\t\t\t<span class=\"elementor-screen-only\">Youtube<\/span>\n\t\t\t\t\t\t<svg class=\"e-font-icon-svg e-fab-youtube\" viewBox=\"0 0 576 512\" xmlns=\"http:\/\/www.w3.org\/2000\/svg\"><path d=\"M549.655 124.083c-6.281-23.65-24.787-42.276-48.284-48.597C458.781 64 288 64 288 64S117.22 64 74.629 75.486c-23.497 6.322-42.003 24.947-48.284 48.597-11.412 42.867-11.412 132.305-11.412 132.305s0 89.438 11.412 132.305c6.281 23.65 24.787 41.5 48.284 47.821C117.22 448 288 448 288 448s170.78 0 213.371-11.486c23.497-6.321 42.003-24.171 48.284-47.821 11.412-42.867 11.412-132.305 11.412-132.305s0-89.438-11.412-132.305zm-317.51 213.508V175.185l142.739 81.205-142.739 81.201z\"><\/path><\/svg>\t\t\t\t\t<\/a>\n\t\t\t\t<\/span>\n\t\t\t\t\t\t\t<span class=\"elementor-grid-item\">\n\t\t\t\t\t<a class=\"elementor-icon elementor-social-icon elementor-social-icon-instagram elementor-repeater-item-825840e\" href=\"https:\/\/www.instagram.com\/renacer_andino\/\" target=\"_blank\">\n\t\t\t\t\t\t<span class=\"elementor-screen-only\">Instagram<\/span>\n\t\t\t\t\t\t<svg class=\"e-font-icon-svg e-fab-instagram\" viewBox=\"0 0 448 512\" xmlns=\"http:\/\/www.w3.org\/2000\/svg\"><path d=\"M224.1 141c-63.6 0-114.9 51.3-114.9 114.9s51.3 114.9 114.9 114.9S339 319.5 339 255.9 287.7 141 224.1 141zm0 189.6c-41.1 0-74.7-33.5-74.7-74.7s33.5-74.7 74.7-74.7 74.7 33.5 74.7 74.7-33.6 74.7-74.7 74.7zm146.4-194.3c0 14.9-12 26.8-26.8 26.8-14.9 0-26.8-12-26.8-26.8s12-26.8 26.8-26.8 26.8 12 26.8 26.8zm76.1 27.2c-1.7-35.9-9.9-67.7-36.2-93.9-26.2-26.2-58-34.4-93.9-36.2-37-2.1-147.9-2.1-184.9 0-35.8 1.7-67.6 9.9-93.9 36.1s-34.4 58-36.2 93.9c-2.1 37-2.1 147.9 0 184.9 1.7 35.9 9.9 67.7 36.2 93.9s58 34.4 93.9 36.2c37 2.1 147.9 2.1 184.9 0 35.9-1.7 67.7-9.9 93.9-36.2 26.2-26.2 34.4-58 36.2-93.9 2.1-37 2.1-147.8 0-184.8zM398.8 388c-7.8 19.6-22.9 34.7-42.6 42.6-29.5 11.7-99.5 9-132.1 9s-102.7 2.6-132.1-9c-19.6-7.8-34.7-22.9-42.6-42.6-11.7-29.5-9-99.5-9-132.1s-2.6-102.7 9-132.1c7.8-19.6 22.9-34.7 42.6-42.6 29.5-11.7 99.5-9 132.1-9s102.7-2.6 132.1 9c19.6 7.8 34.7 22.9 42.6 42.6 11.7 29.5 9 99.5 9 132.1s2.7 102.7-9 132.1z\"><\/path><\/svg>\t\t\t\t\t<\/a>\n\t\t\t\t<\/span>\n\t\t\t\t\t\t\t<span class=\"elementor-grid-item\">\n\t\t\t\t\t<a class=\"elementor-icon elementor-social-icon elementor-social-icon-envelope elementor-repeater-item-249cb0c\" href=\"http:\/\/kunza0815@hotmail.com\" target=\"_blank\">\n\t\t\t\t\t\t<span class=\"elementor-screen-only\">Envelope<\/span>\n\t\t\t\t\t\t<svg class=\"e-font-icon-svg e-fas-envelope\" viewBox=\"0 0 512 512\" xmlns=\"http:\/\/www.w3.org\/2000\/svg\"><path d=\"M502.3 190.8c3.9-3.1 9.7-.2 9.7 4.7V400c0 26.5-21.5 48-48 48H48c-26.5 0-48-21.5-48-48V195.6c0-5 5.7-7.8 9.7-4.7 22.4 17.4 52.1 39.5 154.1 113.6 21.1 15.4 56.7 47.8 92.2 47.6 35.7.3 72-32.8 92.3-47.6 102-74.1 131.6-96.3 154-113.7zM256 320c23.2.4 56.6-29.2 73.4-41.4 132.7-96.3 142.8-104.7 173.4-128.7 5.8-4.5 9.2-11.5 9.2-18.9v-19c0-26.5-21.5-48-48-48H48C21.5 64 0 85.5 0 112v19c0 7.4 3.4 14.3 9.2 18.9 30.6 23.9 40.7 32.4 173.4 128.7 16.8 12.2 50.2 41.8 73.4 41.4z\"><\/path><\/svg>\t\t\t\t\t<\/a>\n\t\t\t\t<\/span>\n\t\t\t\t\t<\/div>\n\t\t\t\t\t\t<\/div>\n\t\t\t\t<\/div>\n\t\t\t\t\t<\/div>\n\t\t\t\t<\/div>\n\t\t<div class=\"elementor-element elementor-element-5759cf4d e-flex e-con-boxed e-con e-parent\" data-id=\"5759cf4d\" data-element_type=\"container\">\n\t\t\t\t\t<div class=\"e-con-inner\">\n\t\t\t\t<div class=\"elementor-element elementor-element-61a4727d elementor-widget elementor-widget-text-editor\" data-id=\"61a4727d\" data-element_type=\"widget\" data-widget_type=\"text-editor.default\">\n\t\t\t\t<div class=\"elementor-widget-container\">\n\t\t\t\t\t\t\t\t\t<p>\u00a0<\/p><p>Antofagasta Chile +56 9 50215437<\/p><p>Aguascalientes Mexico +52 1 4493440915<\/p>\t\t\t\t\t\t\t\t<\/div>\n\t\t\t\t<\/div>\n\t\t\t\t\t<\/div>\n\t\t\t\t<\/div>\n\t\t\t\t<\/div>\n\t\t","protected":false},"excerpt":{"rendered":"<p>PRODUCCION MUSICAL A lo largo de nuestro caminar hemos podido hacer varias producciones musicales. Grabar, mezclar, masterizar. Producci\u00f3n de m\u00fasica original, Postproducci\u00f3n de audio para piezas audiovisuales, dise\u00f1o de sonido. Nuestra experiencia destaca por\u00a0 eficiencia, la que nos ha permitido posicionarnos como una productora de audio dentro de la industria publicitaria en Chile. Trabajos en\u00a0 [&hellip;]<\/p>\n","protected":false},"author":1,"featured_media":0,"parent":0,"menu_order":0,"comment_status":"closed","ping_status":"closed","template":"","meta":{"footnotes":""},"class_list":["post-500","page","type-page","status-publish","hentry"],"_links":{"self":[{"href":"https:\/\/renacerandino.cl\/index.php?rest_route=\/wp\/v2\/pages\/500","targetHints":{"allow":["GET"]}}],"collection":[{"href":"https:\/\/renacerandino.cl\/index.php?rest_route=\/wp\/v2\/pages"}],"about":[{"href":"https:\/\/renacerandino.cl\/index.php?rest_route=\/wp\/v2\/types\/page"}],"author":[{"embeddable":true,"href":"https:\/\/renacerandino.cl\/index.php?rest_route=\/wp\/v2\/users\/1"}],"replies":[{"embeddable":true,"href":"https:\/\/renacerandino.cl\/index.php?rest_route=%2Fwp%2Fv2%2Fcomments&post=500"}],"version-history":[{"count":20,"href":"https:\/\/renacerandino.cl\/index.php?rest_route=\/wp\/v2\/pages\/500\/revisions"}],"predecessor-version":[{"id":525,"href":"https:\/\/renacerandino.cl\/index.php?rest_route=\/wp\/v2\/pages\/500\/revisions\/525"}],"wp:attachment":[{"href":"https:\/\/renacerandino.cl\/index.php?rest_route=%2Fwp%2Fv2%2Fmedia&parent=500"}],"curies":[{"name":"wp","href":"https:\/\/api.w.org\/{rel}","templated":true}]}}